{"id":116010,"date":"2022-11-14T12:25:47","date_gmt":"2022-11-14T12:25:47","guid":{"rendered":"https:\/\/sanindusadev.viriatoeviriato.com\/produto\/colonne-look\/"},"modified":"2022-12-12T17:07:37","modified_gmt":"2022-12-12T17:07:37","slug":"colonne-look","status":"publish","type":"product","link":"https:\/\/sanindusadev.viriatoeviriato.com\/fr\/produto\/colonne-look\/","title":{"rendered":"Colonne Look"},"content":{"rendered":"<p>R\u00e9versible &#8211; Cette unit\u00e9 peut \u00eatre suspendue dans les deux sens pour permettre l&#8217;ouverture de la porte \u00e0 droite ou \u00e0 gauche.<\/p>\n","protected":false},"excerpt":{"rendered":"<p>R\u00e9versible &#8211; Cette unit\u00e9 peut \u00eatre suspendue dans les deux sens pour permettre l&#8217;ouverture de la porte \u00e0 droite ou \u00e0 gauche.<\/p>\n","protected":false},"featured_media":62106,"comment_status":"closed","ping_status":"open","template":"","meta":[],"product_cat":[33821,33823,33743],"product_tag":[],"tags_produtos":[],"colecao":[],"class_list":["post-116010","product","type-product","status-publish","has-post-thumbnail","hentry","product_cat-meubles-salle-de-bain","product_cat-meubles-de-rangement","product_cat-salle-de-bain","pa_colecao-look-fr","pa_cor-blanc","pa_cor-gris-et-blanc","pa_dimensoes-350x260x1600","pa_estilo-contemporain","pa_formato-rectangulaire","pa_kit-de-fixacao-contemporaneo-fr","pa_material-movel-aglomerado-revestido-a-melamina-fr","pa_material-portas-mdf-hidrofugo-lacado-fr","pa_tipo-de-fixacao-contemporaneo-fr","pa_tipologia-de-instalacao-suspensa-fr","pa_tipologia-de-peca-movel-de-apoio-fr"],"acf":[],"_links":{"self":[{"href":"https:\/\/sanindusadev.viriatoeviriato.com\/fr\/wp-json\/wp\/v2\/product\/116010","targetHints":{"allow":["GET"]}}],"collection":[{"href":"https:\/\/sanindusadev.viriatoeviriato.com\/fr\/wp-json\/wp\/v2\/product"}],"about":[{"href":"https:\/\/sanindusadev.viriatoeviriato.com\/fr\/wp-json\/wp\/v2\/types\/product"}],"replies":[{"embeddable":true,"href":"https:\/\/sanindusadev.viriatoeviriato.com\/fr\/wp-json\/wp\/v2\/comments?post=116010"}],"wp:featuredmedia":[{"embeddable":true,"href":"https:\/\/sanindusadev.viriatoeviriato.com\/fr\/wp-json\/wp\/v2\/media\/62106"}],"wp:attachment":[{"href":"https:\/\/sanindusadev.viriatoeviriato.com\/fr\/wp-json\/wp\/v2\/media?parent=116010"}],"wp:term":[{"taxonomy":"product_cat","embeddable":true,"href":"https:\/\/sanindusadev.viriatoeviriato.com\/fr\/wp-json\/wp\/v2\/product_cat?post=116010"},{"taxonomy":"product_tag","embeddable":true,"href":"https:\/\/sanindusadev.viriatoeviriato.com\/fr\/wp-json\/wp\/v2\/product_tag?post=116010"},{"taxonomy":"tags_produtos","embeddable":true,"href":"https:\/\/sanindusadev.viriatoeviriato.com\/fr\/wp-json\/wp\/v2\/tags_produtos?post=116010"},{"taxonomy":"colecao","embeddable":true,"href":"https:\/\/sanindusadev.viriatoeviriato.com\/fr\/wp-json\/wp\/v2\/colecao?post=116010"}],"curies":[{"name":"wp","href":"https:\/\/api.w.org\/{rel}","templated":true}]}}