{"id":107619,"date":"2022-11-11T14:01:18","date_gmt":"2022-11-11T14:01:18","guid":{"rendered":"https:\/\/sanindusadev.viriatoeviriato.com\/produto\/mitigeur-de-cuisine-torus-avec-ecospot-et-douchette-extractible\/"},"modified":"2022-12-12T16:46:40","modified_gmt":"2022-12-12T16:46:40","slug":"mitigeur-de-cuisine-torus-avec-ecospot-et-douchette-extractible","status":"publish","type":"product","link":"https:\/\/sanindusadev.viriatoeviriato.com\/fr\/produto\/mitigeur-de-cuisine-torus-avec-ecospot-et-douchette-extractible\/","title":{"rendered":"Mitigeur de cuisine Torus avec EcoSpot et douchette extractible"},"content":{"rendered":"<p>\u00c9quip\u00e9 d&#8217;une cartouche qui permet d&#8217;ouvrir la poign\u00e9e en deux positions : demi-ouverture et ouverture compl\u00e8te.<\/p>\n","protected":false},"excerpt":{"rendered":"<p>\u00c9quip\u00e9 d&#8217;une cartouche qui permet d&#8217;ouvrir la poign\u00e9e en deux positions : demi-ouverture et ouverture compl\u00e8te.<\/p>\n","protected":false},"featured_media":25734,"comment_status":"closed","ping_status":"closed","template":"","meta":[],"product_cat":[33740,33749,33750],"product_tag":[],"tags_produtos":[],"colecao":[],"class_list":["post-107619","product","type-product","status-publish","has-post-thumbnail","hentry","product_cat-cuisine","product_cat-robinetterie-de-cuisine","product_cat-robinetterie-de-plan","pa_colecao-torus-fr","pa_cor-chrome","pa_material-latao-fr","pa_tipologia-de-peca-torneira-de-bancada-fr"],"acf":[],"_links":{"self":[{"href":"https:\/\/sanindusadev.viriatoeviriato.com\/fr\/wp-json\/wp\/v2\/product\/107619","targetHints":{"allow":["GET"]}}],"collection":[{"href":"https:\/\/sanindusadev.viriatoeviriato.com\/fr\/wp-json\/wp\/v2\/product"}],"about":[{"href":"https:\/\/sanindusadev.viriatoeviriato.com\/fr\/wp-json\/wp\/v2\/types\/product"}],"replies":[{"embeddable":true,"href":"https:\/\/sanindusadev.viriatoeviriato.com\/fr\/wp-json\/wp\/v2\/comments?post=107619"}],"wp:featuredmedia":[{"embeddable":true,"href":"https:\/\/sanindusadev.viriatoeviriato.com\/fr\/wp-json\/wp\/v2\/media\/25734"}],"wp:attachment":[{"href":"https:\/\/sanindusadev.viriatoeviriato.com\/fr\/wp-json\/wp\/v2\/media?parent=107619"}],"wp:term":[{"taxonomy":"product_cat","embeddable":true,"href":"https:\/\/sanindusadev.viriatoeviriato.com\/fr\/wp-json\/wp\/v2\/product_cat?post=107619"},{"taxonomy":"product_tag","embeddable":true,"href":"https:\/\/sanindusadev.viriatoeviriato.com\/fr\/wp-json\/wp\/v2\/product_tag?post=107619"},{"taxonomy":"tags_produtos","embeddable":true,"href":"https:\/\/sanindusadev.viriatoeviriato.com\/fr\/wp-json\/wp\/v2\/tags_produtos?post=107619"},{"taxonomy":"colecao","embeddable":true,"href":"https:\/\/sanindusadev.viriatoeviriato.com\/fr\/wp-json\/wp\/v2\/colecao?post=107619"}],"curies":[{"name":"wp","href":"https:\/\/api.w.org\/{rel}","templated":true}]}}