{"id":107617,"date":"2022-11-11T14:01:18","date_gmt":"2022-11-11T14:01:18","guid":{"rendered":"https:\/\/sanindusadev.viriatoeviriato.com\/produto\/mitigeur-de-cuisine-easy-avec-ecospot-et-coldopen\/"},"modified":"2022-12-12T16:46:39","modified_gmt":"2022-12-12T16:46:39","slug":"mitigeur-de-cuisine-easy-avec-ecospot-et-coldopen","status":"publish","type":"product","link":"https:\/\/sanindusadev.viriatoeviriato.com\/fr\/produto\/mitigeur-de-cuisine-easy-avec-ecospot-et-coldopen\/","title":{"rendered":"Mitigeur de cuisine Easy avec EcoSpot et ColdOpen"},"content":{"rendered":"<p>L&#8217;ouverture de la poign\u00e9e est bloqu\u00e9e vers la droite afin de ne pas activer le syst\u00e8me de chauffage de l&#8217;eau.<\/p>\n","protected":false},"excerpt":{"rendered":"<p>L&#8217;ouverture de la poign\u00e9e est bloqu\u00e9e vers la droite afin de ne pas activer le syst\u00e8me de chauffage de l&#8217;eau.<\/p>\n","protected":false},"featured_media":25706,"comment_status":"closed","ping_status":"open","template":"","meta":[],"product_cat":[33740,33749,33750],"product_tag":[],"tags_produtos":[],"colecao":[],"class_list":["post-107617","product","type-product","status-publish","has-post-thumbnail","hentry","product_cat-cuisine","product_cat-robinetterie-de-cuisine","product_cat-robinetterie-de-plan","pa_colecao-easy-fr","pa_cor-chrome","pa_dimensoes-20021","pa_material-latao-fr","pa_tipologia-de-peca-torneira-de-bancada-fr"],"acf":[],"_links":{"self":[{"href":"https:\/\/sanindusadev.viriatoeviriato.com\/fr\/wp-json\/wp\/v2\/product\/107617","targetHints":{"allow":["GET"]}}],"collection":[{"href":"https:\/\/sanindusadev.viriatoeviriato.com\/fr\/wp-json\/wp\/v2\/product"}],"about":[{"href":"https:\/\/sanindusadev.viriatoeviriato.com\/fr\/wp-json\/wp\/v2\/types\/product"}],"replies":[{"embeddable":true,"href":"https:\/\/sanindusadev.viriatoeviriato.com\/fr\/wp-json\/wp\/v2\/comments?post=107617"}],"wp:featuredmedia":[{"embeddable":true,"href":"https:\/\/sanindusadev.viriatoeviriato.com\/fr\/wp-json\/wp\/v2\/media\/25706"}],"wp:attachment":[{"href":"https:\/\/sanindusadev.viriatoeviriato.com\/fr\/wp-json\/wp\/v2\/media?parent=107617"}],"wp:term":[{"taxonomy":"product_cat","embeddable":true,"href":"https:\/\/sanindusadev.viriatoeviriato.com\/fr\/wp-json\/wp\/v2\/product_cat?post=107617"},{"taxonomy":"product_tag","embeddable":true,"href":"https:\/\/sanindusadev.viriatoeviriato.com\/fr\/wp-json\/wp\/v2\/product_tag?post=107617"},{"taxonomy":"tags_produtos","embeddable":true,"href":"https:\/\/sanindusadev.viriatoeviriato.com\/fr\/wp-json\/wp\/v2\/tags_produtos?post=107617"},{"taxonomy":"colecao","embeddable":true,"href":"https:\/\/sanindusadev.viriatoeviriato.com\/fr\/wp-json\/wp\/v2\/colecao?post=107617"}],"curies":[{"name":"wp","href":"https:\/\/api.w.org\/{rel}","templated":true}]}}