{"id":104562,"date":"2022-11-09T15:41:24","date_gmt":"2022-11-09T15:41:24","guid":{"rendered":"https:\/\/sanindusadev.viriatoeviriato.com\/produto\/adapteur-o110-pour-coude-devacuation-o90\/"},"modified":"2022-12-12T23:44:17","modified_gmt":"2022-12-12T23:44:17","slug":"adapteur-o110-pour-coude-devacuation-o90","status":"publish","type":"product","link":"https:\/\/sanindusadev.viriatoeviriato.com\/fr\/produto\/adapteur-o110-pour-coude-devacuation-o90\/","title":{"rendered":"Adapteur \u00d8110 pour coude d&#8217;\u00e9vacuation \u00d890"},"content":{"rendered":"","protected":false},"excerpt":{"rendered":"","protected":false},"featured_media":57936,"comment_status":"closed","ping_status":"open","template":"","meta":[],"product_cat":[33883],"product_tag":[],"tags_produtos":[],"colecao":[],"class_list":["post-104562","product","type-product","status-publish","has-post-thumbnail","hentry","product_cat-pieces-detachees","pa_colecao-componentes-fr","pa_dimensoes-o110","pa_tipologia-de-peca-adaptador-110-para-curva-de-descarga-fr"],"acf":[],"_links":{"self":[{"href":"https:\/\/sanindusadev.viriatoeviriato.com\/fr\/wp-json\/wp\/v2\/product\/104562","targetHints":{"allow":["GET"]}}],"collection":[{"href":"https:\/\/sanindusadev.viriatoeviriato.com\/fr\/wp-json\/wp\/v2\/product"}],"about":[{"href":"https:\/\/sanindusadev.viriatoeviriato.com\/fr\/wp-json\/wp\/v2\/types\/product"}],"replies":[{"embeddable":true,"href":"https:\/\/sanindusadev.viriatoeviriato.com\/fr\/wp-json\/wp\/v2\/comments?post=104562"}],"wp:featuredmedia":[{"embeddable":true,"href":"https:\/\/sanindusadev.viriatoeviriato.com\/fr\/wp-json\/wp\/v2\/media\/57936"}],"wp:attachment":[{"href":"https:\/\/sanindusadev.viriatoeviriato.com\/fr\/wp-json\/wp\/v2\/media?parent=104562"}],"wp:term":[{"taxonomy":"product_cat","embeddable":true,"href":"https:\/\/sanindusadev.viriatoeviriato.com\/fr\/wp-json\/wp\/v2\/product_cat?post=104562"},{"taxonomy":"product_tag","embeddable":true,"href":"https:\/\/sanindusadev.viriatoeviriato.com\/fr\/wp-json\/wp\/v2\/product_tag?post=104562"},{"taxonomy":"tags_produtos","embeddable":true,"href":"https:\/\/sanindusadev.viriatoeviriato.com\/fr\/wp-json\/wp\/v2\/tags_produtos?post=104562"},{"taxonomy":"colecao","embeddable":true,"href":"https:\/\/sanindusadev.viriatoeviriato.com\/fr\/wp-json\/wp\/v2\/colecao?post=104562"}],"curies":[{"name":"wp","href":"https:\/\/api.w.org\/{rel}","templated":true}]}}