{"id":104431,"date":"2022-11-09T15:38:44","date_gmt":"2022-11-09T15:38:44","guid":{"rendered":"https:\/\/sanindusadev.viriatoeviriato.com\/produto\/kit-de-fixation-20-pour-cuvettes-demi-colonnes-et-urinoirs\/"},"modified":"2022-12-12T23:42:47","modified_gmt":"2022-12-12T23:42:47","slug":"kit-de-fixation-20-pour-cuvettes-demi-colonnes-et-urinoirs","status":"publish","type":"product","link":"https:\/\/sanindusadev.viriatoeviriato.com\/fr\/produto\/kit-de-fixation-20-pour-cuvettes-demi-colonnes-et-urinoirs\/","title":{"rendered":"Kit de fixation 20 pour cuvettes, demi-colonnes et urinoirs"},"content":{"rendered":"<p>V\u00e9rifiez la compatibilit\u00e9 de ce pi\u00e8ce d\u00e9tach\u00e9e avec votre produit.<\/p>\n","protected":false},"excerpt":{"rendered":"<p>V\u00e9rifiez la compatibilit\u00e9 de ce pi\u00e8ce d\u00e9tach\u00e9e avec votre produit.<\/p>\n","protected":false},"featured_media":57324,"comment_status":"closed","ping_status":"open","template":"","meta":[],"product_cat":[33883],"product_tag":[],"tags_produtos":[],"colecao":[],"class_list":["post-104431","product","type-product","status-publish","has-post-thumbnail","hentry","product_cat-pieces-detachees","pa_colecao-componentes-fr","pa_tipologia-de-peca-kit-de-fixacao-para-coluna-suspensa-urinol-fr"],"acf":[],"_links":{"self":[{"href":"https:\/\/sanindusadev.viriatoeviriato.com\/fr\/wp-json\/wp\/v2\/product\/104431","targetHints":{"allow":["GET"]}}],"collection":[{"href":"https:\/\/sanindusadev.viriatoeviriato.com\/fr\/wp-json\/wp\/v2\/product"}],"about":[{"href":"https:\/\/sanindusadev.viriatoeviriato.com\/fr\/wp-json\/wp\/v2\/types\/product"}],"replies":[{"embeddable":true,"href":"https:\/\/sanindusadev.viriatoeviriato.com\/fr\/wp-json\/wp\/v2\/comments?post=104431"}],"wp:featuredmedia":[{"embeddable":true,"href":"https:\/\/sanindusadev.viriatoeviriato.com\/fr\/wp-json\/wp\/v2\/media\/57324"}],"wp:attachment":[{"href":"https:\/\/sanindusadev.viriatoeviriato.com\/fr\/wp-json\/wp\/v2\/media?parent=104431"}],"wp:term":[{"taxonomy":"product_cat","embeddable":true,"href":"https:\/\/sanindusadev.viriatoeviriato.com\/fr\/wp-json\/wp\/v2\/product_cat?post=104431"},{"taxonomy":"product_tag","embeddable":true,"href":"https:\/\/sanindusadev.viriatoeviriato.com\/fr\/wp-json\/wp\/v2\/product_tag?post=104431"},{"taxonomy":"tags_produtos","embeddable":true,"href":"https:\/\/sanindusadev.viriatoeviriato.com\/fr\/wp-json\/wp\/v2\/tags_produtos?post=104431"},{"taxonomy":"colecao","embeddable":true,"href":"https:\/\/sanindusadev.viriatoeviriato.com\/fr\/wp-json\/wp\/v2\/colecao?post=104431"}],"curies":[{"name":"wp","href":"https:\/\/api.w.org\/{rel}","templated":true}]}}