{"id":121780,"date":"2022-11-15T14:05:20","date_gmt":"2022-11-15T14:05:20","guid":{"rendered":"https:\/\/sanindusadev.viriatoeviriato.com\/produto\/mezclador-electronico-para-lavabo-basic-de-cano-alargado-con-conexion-a-red\/"},"modified":"2022-12-12T15:38:45","modified_gmt":"2022-12-12T15:38:45","slug":"mezclador-electronico-para-lavabo-basic-de-cano-alargado-con-conexion-a-red","status":"publish","type":"product","link":"https:\/\/sanindusadev.viriatoeviriato.com\/es\/produto\/mezclador-electronico-para-lavabo-basic-de-cano-alargado-con-conexion-a-red\/","title":{"rendered":"Mezclador electr\u00f3nico para lavabo Basic de ca\u00f1o alargado con conexi\u00f3n a red"},"content":{"rendered":"","protected":false},"excerpt":{"rendered":"","protected":false},"featured_media":49664,"comment_status":"closed","ping_status":"open","template":"","meta":[],"product_cat":[33597,33617,33618],"product_tag":[],"tags_produtos":[],"colecao":[],"class_list":["post-121780","product","type-product","status-publish","has-post-thumbnail","hentry","product_cat-bano","product_cat-griferia-bano","product_cat-mezcladores-para-lavabo","pa_colecao-basic-es","pa_cor-cromo","pa_dimensoes-145x58x365","pa_estilo-contemporaneo-3","pa_kit-de-fixacao-contemporaneo-es","pa_material-latao-es","pa_tipo-de-fixacao-contemporaneo-es","pa_tipologia-de-instalacao-bancada-es","pa_tipologia-de-peca-misturadora-de-lavatorio-alta-es"],"acf":[],"_links":{"self":[{"href":"https:\/\/sanindusadev.viriatoeviriato.com\/es\/wp-json\/wp\/v2\/product\/121780","targetHints":{"allow":["GET"]}}],"collection":[{"href":"https:\/\/sanindusadev.viriatoeviriato.com\/es\/wp-json\/wp\/v2\/product"}],"about":[{"href":"https:\/\/sanindusadev.viriatoeviriato.com\/es\/wp-json\/wp\/v2\/types\/product"}],"replies":[{"embeddable":true,"href":"https:\/\/sanindusadev.viriatoeviriato.com\/es\/wp-json\/wp\/v2\/comments?post=121780"}],"wp:featuredmedia":[{"embeddable":true,"href":"https:\/\/sanindusadev.viriatoeviriato.com\/es\/wp-json\/wp\/v2\/media\/49664"}],"wp:attachment":[{"href":"https:\/\/sanindusadev.viriatoeviriato.com\/es\/wp-json\/wp\/v2\/media?parent=121780"}],"wp:term":[{"taxonomy":"product_cat","embeddable":true,"href":"https:\/\/sanindusadev.viriatoeviriato.com\/es\/wp-json\/wp\/v2\/product_cat?post=121780"},{"taxonomy":"product_tag","embeddable":true,"href":"https:\/\/sanindusadev.viriatoeviriato.com\/es\/wp-json\/wp\/v2\/product_tag?post=121780"},{"taxonomy":"tags_produtos","embeddable":true,"href":"https:\/\/sanindusadev.viriatoeviriato.com\/es\/wp-json\/wp\/v2\/tags_produtos?post=121780"},{"taxonomy":"colecao","embeddable":true,"href":"https:\/\/sanindusadev.viriatoeviriato.com\/es\/wp-json\/wp\/v2\/colecao?post=121780"}],"curies":[{"name":"wp","href":"https:\/\/api.w.org\/{rel}","templated":true}]}}