{"id":121645,"date":"2022-11-15T14:01:09","date_gmt":"2022-11-15T14:01:09","guid":{"rendered":"https:\/\/sanindusadev.viriatoeviriato.com\/produto\/mezclador-termostatico-para-ducha-new-icone-empotrable-circular-con-3-vias\/"},"modified":"2022-12-12T15:37:13","modified_gmt":"2022-12-12T15:37:13","slug":"mezclador-termostatico-para-ducha-new-icone-empotrable-circular-con-3-vias","status":"publish","type":"product","link":"https:\/\/sanindusadev.viriatoeviriato.com\/es\/produto\/mezclador-termostatico-para-ducha-new-icone-empotrable-circular-con-3-vias\/","title":{"rendered":"Mezclador termost\u00e1tico para ducha New \u00cdcone empotrable circular con 3 v\u00edas"},"content":{"rendered":"","protected":false},"excerpt":{"rendered":"","protected":false},"featured_media":64202,"comment_status":"closed","ping_status":"open","template":"","meta":[],"product_cat":[33597,33617,33620],"product_tag":[],"tags_produtos":[],"colecao":[],"class_list":["post-121645","product","type-product","status-publish","has-post-thumbnail","hentry","product_cat-bano","product_cat-griferia-bano","product_cat-mezcladores-para-ducha","pa_colecao-new-icone-es","pa_cor-cromo","pa_dimensoes-64xo120","pa_estilo-contemporaneo-3","pa_kit-de-fixacao-contemporaneo-es","pa_material-latao-es","pa_tipo-de-fixacao-contemporaneo-es","pa_tipologia-de-instalacao-mural-es","pa_tipologia-de-peca-misturadora-de-duche-de-encastrar-es"],"acf":[],"_links":{"self":[{"href":"https:\/\/sanindusadev.viriatoeviriato.com\/es\/wp-json\/wp\/v2\/product\/121645","targetHints":{"allow":["GET"]}}],"collection":[{"href":"https:\/\/sanindusadev.viriatoeviriato.com\/es\/wp-json\/wp\/v2\/product"}],"about":[{"href":"https:\/\/sanindusadev.viriatoeviriato.com\/es\/wp-json\/wp\/v2\/types\/product"}],"replies":[{"embeddable":true,"href":"https:\/\/sanindusadev.viriatoeviriato.com\/es\/wp-json\/wp\/v2\/comments?post=121645"}],"wp:featuredmedia":[{"embeddable":true,"href":"https:\/\/sanindusadev.viriatoeviriato.com\/es\/wp-json\/wp\/v2\/media\/64202"}],"wp:attachment":[{"href":"https:\/\/sanindusadev.viriatoeviriato.com\/es\/wp-json\/wp\/v2\/media?parent=121645"}],"wp:term":[{"taxonomy":"product_cat","embeddable":true,"href":"https:\/\/sanindusadev.viriatoeviriato.com\/es\/wp-json\/wp\/v2\/product_cat?post=121645"},{"taxonomy":"product_tag","embeddable":true,"href":"https:\/\/sanindusadev.viriatoeviriato.com\/es\/wp-json\/wp\/v2\/product_tag?post=121645"},{"taxonomy":"tags_produtos","embeddable":true,"href":"https:\/\/sanindusadev.viriatoeviriato.com\/es\/wp-json\/wp\/v2\/tags_produtos?post=121645"},{"taxonomy":"colecao","embeddable":true,"href":"https:\/\/sanindusadev.viriatoeviriato.com\/es\/wp-json\/wp\/v2\/colecao?post=121645"}],"curies":[{"name":"wp","href":"https:\/\/api.w.org\/{rel}","templated":true}]}}