{"id":121312,"date":"2022-11-15T13:52:54","date_gmt":"2022-11-15T13:52:54","guid":{"rendered":"https:\/\/sanindusadev.viriatoeviriato.com\/produto\/banera-shortline-con-faldon-frontal-derecho-y-faldon-lateral\/"},"modified":"2022-12-12T15:33:31","modified_gmt":"2022-12-12T15:33:31","slug":"banera-shortline-con-faldon-frontal-derecho-y-faldon-lateral","status":"publish","type":"product","link":"https:\/\/sanindusadev.viriatoeviriato.com\/es\/produto\/banera-shortline-con-faldon-frontal-derecho-y-faldon-lateral\/","title":{"rendered":"Ba\u00f1era Shortline con fald\u00f3n frontal derecho y fald\u00f3n lateral"},"content":{"rendered":"","protected":false},"excerpt":{"rendered":"","protected":false},"featured_media":46872,"comment_status":"closed","ping_status":"open","template":"","meta":[],"product_cat":[33701,33702,33597],"product_tag":[],"tags_produtos":[],"colecao":[],"class_list":["post-121312","product","type-product","status-publish","has-post-thumbnail","hentry","product_cat-baneras","product_cat-baneras-standard","product_cat-bano","pa_colecao-shortline-es","pa_cor-blanco","pa_dimensoes-1000x700x410","pa_dimensoes-1000x750x410","pa_dimensoes-1000x800x410","pa_estilo-tradicional-2","pa_formato-rectangular","pa_kit-de-fixacao-contemporaneo-es","pa_material-acrilico-es","pa_tipo-de-fixacao-contemporaneo-es","pa_tipologia-de-instalacao-standard-es","pa_tipologia-de-peca-banheira-simples-es"],"acf":[],"_links":{"self":[{"href":"https:\/\/sanindusadev.viriatoeviriato.com\/es\/wp-json\/wp\/v2\/product\/121312","targetHints":{"allow":["GET"]}}],"collection":[{"href":"https:\/\/sanindusadev.viriatoeviriato.com\/es\/wp-json\/wp\/v2\/product"}],"about":[{"href":"https:\/\/sanindusadev.viriatoeviriato.com\/es\/wp-json\/wp\/v2\/types\/product"}],"replies":[{"embeddable":true,"href":"https:\/\/sanindusadev.viriatoeviriato.com\/es\/wp-json\/wp\/v2\/comments?post=121312"}],"wp:featuredmedia":[{"embeddable":true,"href":"https:\/\/sanindusadev.viriatoeviriato.com\/es\/wp-json\/wp\/v2\/media\/46872"}],"wp:attachment":[{"href":"https:\/\/sanindusadev.viriatoeviriato.com\/es\/wp-json\/wp\/v2\/media?parent=121312"}],"wp:term":[{"taxonomy":"product_cat","embeddable":true,"href":"https:\/\/sanindusadev.viriatoeviriato.com\/es\/wp-json\/wp\/v2\/product_cat?post=121312"},{"taxonomy":"product_tag","embeddable":true,"href":"https:\/\/sanindusadev.viriatoeviriato.com\/es\/wp-json\/wp\/v2\/product_tag?post=121312"},{"taxonomy":"tags_produtos","embeddable":true,"href":"https:\/\/sanindusadev.viriatoeviriato.com\/es\/wp-json\/wp\/v2\/tags_produtos?post=121312"},{"taxonomy":"colecao","embeddable":true,"href":"https:\/\/sanindusadev.viriatoeviriato.com\/es\/wp-json\/wp\/v2\/colecao?post=121312"}],"curies":[{"name":"wp","href":"https:\/\/api.w.org\/{rel}","templated":true}]}}