{"id":108717,"date":"2022-11-11T14:51:47","date_gmt":"2022-11-11T14:51:47","guid":{"rendered":"https:\/\/sanindusadev.viriatoeviriato.com\/produto\/inodoro-cisterna-baja-proget-confort-sh\/"},"modified":"2023-01-10T16:11:15","modified_gmt":"2023-01-10T16:11:15","slug":"inodoro-cisterna-baja-proget-confort-sh","status":"publish","type":"product","link":"https:\/\/sanindusadev.viriatoeviriato.com\/es\/produto\/inodoro-cisterna-baja-proget-confort-sh\/","title":{"rendered":"Inodoro cisterna baja Proget Confort SH"},"content":{"rendered":"<p>Inodoro con altura extra en comparaci\u00f3n con la versi\u00f3n est\u00e1ndar para facilitar los movimientos de sentarse y levantarse.<\/p>\n","protected":false},"excerpt":{"rendered":"<p>Inodoro con altura extra en comparaci\u00f3n con la versi\u00f3n est\u00e1ndar para facilitar los movimientos de sentarse y levantarse.<\/p>\n","protected":false},"featured_media":26008,"comment_status":"closed","ping_status":"closed","template":"","meta":[],"product_cat":[33597,33607,33606],"product_tag":[],"tags_produtos":[],"colecao":[],"class_list":["post-108717","product","type-product","status-publish","has-post-thumbnail","hentry","product_cat-bano","product_cat-inodoros-movilidad-reducida","product_cat-movilidad-reducida","pa_colecao-proget-confort-es","pa_cor-blanco","pa_cor-pergamon-es","pa_estilo-tradicional-2","pa_formato-oval-2","pa_material-vitreous-china-es","pa_tipologia-de-instalacao-ao-chao-es"],"acf":[],"_links":{"self":[{"href":"https:\/\/sanindusadev.viriatoeviriato.com\/es\/wp-json\/wp\/v2\/product\/108717","targetHints":{"allow":["GET"]}}],"collection":[{"href":"https:\/\/sanindusadev.viriatoeviriato.com\/es\/wp-json\/wp\/v2\/product"}],"about":[{"href":"https:\/\/sanindusadev.viriatoeviriato.com\/es\/wp-json\/wp\/v2\/types\/product"}],"replies":[{"embeddable":true,"href":"https:\/\/sanindusadev.viriatoeviriato.com\/es\/wp-json\/wp\/v2\/comments?post=108717"}],"wp:featuredmedia":[{"embeddable":true,"href":"https:\/\/sanindusadev.viriatoeviriato.com\/es\/wp-json\/wp\/v2\/media\/26008"}],"wp:attachment":[{"href":"https:\/\/sanindusadev.viriatoeviriato.com\/es\/wp-json\/wp\/v2\/media?parent=108717"}],"wp:term":[{"taxonomy":"product_cat","embeddable":true,"href":"https:\/\/sanindusadev.viriatoeviriato.com\/es\/wp-json\/wp\/v2\/product_cat?post=108717"},{"taxonomy":"product_tag","embeddable":true,"href":"https:\/\/sanindusadev.viriatoeviriato.com\/es\/wp-json\/wp\/v2\/product_tag?post=108717"},{"taxonomy":"tags_produtos","embeddable":true,"href":"https:\/\/sanindusadev.viriatoeviriato.com\/es\/wp-json\/wp\/v2\/tags_produtos?post=108717"},{"taxonomy":"colecao","embeddable":true,"href":"https:\/\/sanindusadev.viriatoeviriato.com\/es\/wp-json\/wp\/v2\/colecao?post=108717"}],"curies":[{"name":"wp","href":"https:\/\/api.w.org\/{rel}","templated":true}]}}