{"id":108714,"date":"2022-11-11T14:51:18","date_gmt":"2022-11-11T14:51:18","guid":{"rendered":"https:\/\/sanindusadev.viriatoeviriato.com\/produto\/pack-winner-confort-inodoro-cisterna-baja-sv-rimflush-con-cisterna-de-suministro-de-agua-lateral\/"},"modified":"2022-12-12T15:00:56","modified_gmt":"2022-12-12T15:00:56","slug":"pack-winner-confort-inodoro-cisterna-baja-sv-rimflush-con-cisterna-de-suministro-de-agua-lateral","status":"publish","type":"product","link":"https:\/\/sanindusadev.viriatoeviriato.com\/es\/produto\/pack-winner-confort-inodoro-cisterna-baja-sv-rimflush-con-cisterna-de-suministro-de-agua-lateral\/","title":{"rendered":"Pack Winner Confort inodoro cisterna baja SV Rimflush con cisterna de suministro de agua lateral"},"content":{"rendered":"<p>Inodoro con altura extra en comparaci\u00f3n con la versi\u00f3n est\u00e1ndar para facilitar los movimientos de sentarse y levantarse.<\/p>\n","protected":false},"excerpt":{"rendered":"<p>Inodoro con altura extra en comparaci\u00f3n con la versi\u00f3n est\u00e1ndar para facilitar los movimientos de sentarse y levantarse.<\/p>\n","protected":false},"featured_media":25920,"comment_status":"closed","ping_status":"open","template":"","meta":[],"product_cat":[33597,33606,33608],"product_tag":[],"tags_produtos":[19051],"colecao":[],"class_list":["post-108714","product","type-product","status-publish","has-post-thumbnail","hentry","product_cat-bano","product_cat-movilidad-reducida","product_cat-packs-es","pa_colecao-winner-confort-es","pa_cor-blanco","pa_dimensoes-638x350x877","pa_estilo-contemporaneo-3","pa_formato-oval-2","pa_material-vitreous-china-es","pa_tipologia-de-instalacao-ao-chao-es","pa_tipologia-de-peca-pack-es","tags_produtos-novidade"],"acf":[],"_links":{"self":[{"href":"https:\/\/sanindusadev.viriatoeviriato.com\/es\/wp-json\/wp\/v2\/product\/108714","targetHints":{"allow":["GET"]}}],"collection":[{"href":"https:\/\/sanindusadev.viriatoeviriato.com\/es\/wp-json\/wp\/v2\/product"}],"about":[{"href":"https:\/\/sanindusadev.viriatoeviriato.com\/es\/wp-json\/wp\/v2\/types\/product"}],"replies":[{"embeddable":true,"href":"https:\/\/sanindusadev.viriatoeviriato.com\/es\/wp-json\/wp\/v2\/comments?post=108714"}],"wp:featuredmedia":[{"embeddable":true,"href":"https:\/\/sanindusadev.viriatoeviriato.com\/es\/wp-json\/wp\/v2\/media\/25920"}],"wp:attachment":[{"href":"https:\/\/sanindusadev.viriatoeviriato.com\/es\/wp-json\/wp\/v2\/media?parent=108714"}],"wp:term":[{"taxonomy":"product_cat","embeddable":true,"href":"https:\/\/sanindusadev.viriatoeviriato.com\/es\/wp-json\/wp\/v2\/product_cat?post=108714"},{"taxonomy":"product_tag","embeddable":true,"href":"https:\/\/sanindusadev.viriatoeviriato.com\/es\/wp-json\/wp\/v2\/product_tag?post=108714"},{"taxonomy":"tags_produtos","embeddable":true,"href":"https:\/\/sanindusadev.viriatoeviriato.com\/es\/wp-json\/wp\/v2\/tags_produtos?post=108714"},{"taxonomy":"colecao","embeddable":true,"href":"https:\/\/sanindusadev.viriatoeviriato.com\/es\/wp-json\/wp\/v2\/colecao?post=108714"}],"curies":[{"name":"wp","href":"https:\/\/api.w.org\/{rel}","templated":true}]}}