{"id":108711,"date":"2022-11-11T14:51:18","date_gmt":"2022-11-11T14:51:18","guid":{"rendered":"https:\/\/sanindusadev.viriatoeviriato.com\/produto\/inodoro-cisterna-alta-winner-confort-sh-con-rimflush\/"},"modified":"2022-12-12T15:00:55","modified_gmt":"2022-12-12T15:00:55","slug":"inodoro-cisterna-alta-winner-confort-sh-con-rimflush","status":"publish","type":"product","link":"https:\/\/sanindusadev.viriatoeviriato.com\/es\/produto\/inodoro-cisterna-alta-winner-confort-sh-con-rimflush\/","title":{"rendered":"Inodoro cisterna alta Winner Confort SH con Rimflush"},"content":{"rendered":"<p>Inodoro con altura extra en comparaci\u00f3n con la versi\u00f3n est\u00e1ndar para facilitar los movimientos de sentarse y levantarse.<\/p>\n","protected":false},"excerpt":{"rendered":"<p>Inodoro con altura extra en comparaci\u00f3n con la versi\u00f3n est\u00e1ndar para facilitar los movimientos de sentarse y levantarse.<\/p>\n","protected":false},"featured_media":58352,"comment_status":"closed","ping_status":"open","template":"","meta":[],"product_cat":[33597,33607,33606],"product_tag":[],"tags_produtos":[19051],"colecao":[],"class_list":["post-108711","product","type-product","status-publish","has-post-thumbnail","hentry","product_cat-bano","product_cat-inodoros-movilidad-reducida","product_cat-movilidad-reducida","pa_colecao-winner-confort-es","pa_cor-blanco","pa_dimensoes-535x350x460","pa_estilo-contemporaneo-3","pa_formato-oval-2","pa_material-vitreous-china-es","pa_tipologia-de-instalacao-ao-chao-es","pa_tipologia-de-peca-sanita","tags_produtos-novidade"],"acf":[],"_links":{"self":[{"href":"https:\/\/sanindusadev.viriatoeviriato.com\/es\/wp-json\/wp\/v2\/product\/108711","targetHints":{"allow":["GET"]}}],"collection":[{"href":"https:\/\/sanindusadev.viriatoeviriato.com\/es\/wp-json\/wp\/v2\/product"}],"about":[{"href":"https:\/\/sanindusadev.viriatoeviriato.com\/es\/wp-json\/wp\/v2\/types\/product"}],"replies":[{"embeddable":true,"href":"https:\/\/sanindusadev.viriatoeviriato.com\/es\/wp-json\/wp\/v2\/comments?post=108711"}],"wp:featuredmedia":[{"embeddable":true,"href":"https:\/\/sanindusadev.viriatoeviriato.com\/es\/wp-json\/wp\/v2\/media\/58352"}],"wp:attachment":[{"href":"https:\/\/sanindusadev.viriatoeviriato.com\/es\/wp-json\/wp\/v2\/media?parent=108711"}],"wp:term":[{"taxonomy":"product_cat","embeddable":true,"href":"https:\/\/sanindusadev.viriatoeviriato.com\/es\/wp-json\/wp\/v2\/product_cat?post=108711"},{"taxonomy":"product_tag","embeddable":true,"href":"https:\/\/sanindusadev.viriatoeviriato.com\/es\/wp-json\/wp\/v2\/product_tag?post=108711"},{"taxonomy":"tags_produtos","embeddable":true,"href":"https:\/\/sanindusadev.viriatoeviriato.com\/es\/wp-json\/wp\/v2\/tags_produtos?post=108711"},{"taxonomy":"colecao","embeddable":true,"href":"https:\/\/sanindusadev.viriatoeviriato.com\/es\/wp-json\/wp\/v2\/colecao?post=108711"}],"curies":[{"name":"wp","href":"https:\/\/api.w.org\/{rel}","templated":true}]}}