{"id":105617,"date":"2022-11-11T11:59:16","date_gmt":"2022-11-11T11:59:16","guid":{"rendered":"https:\/\/sanindusadev.viriatoeviriato.com\/produto\/kit-sensor-para-placa-de-accionamiento-electonica-unit-con-conexion-a-red-para-urinario-version-anterior\/"},"modified":"2022-12-12T22:45:13","modified_gmt":"2022-12-12T22:45:13","slug":"kit-sensor-para-placa-de-accionamiento-electonica-unit-con-conexion-a-red-para-urinario-version-anterior","status":"publish","type":"product","link":"https:\/\/sanindusadev.viriatoeviriato.com\/es\/produto\/kit-sensor-para-placa-de-accionamiento-electonica-unit-con-conexion-a-red-para-urinario-version-anterior\/","title":{"rendered":"Kit sensor para placa de accionamiento elect\u00f3nica Unit con conexi\u00f3n a red para urinario (versi\u00f3n anterior)"},"content":{"rendered":"","protected":false},"excerpt":{"rendered":"","protected":false},"featured_media":58268,"comment_status":"closed","ping_status":"open","template":"","meta":[],"product_cat":[33737],"product_tag":[],"tags_produtos":[],"colecao":[],"class_list":["post-105617","product","type-product","status-publish","has-post-thumbnail","hentry","product_cat-recambios","pa_colecao-componentes-es","pa_tipologia-de-peca-kit-sensor-para-placa-de-descarga-eletronica-es"],"acf":[],"_links":{"self":[{"href":"https:\/\/sanindusadev.viriatoeviriato.com\/es\/wp-json\/wp\/v2\/product\/105617","targetHints":{"allow":["GET"]}}],"collection":[{"href":"https:\/\/sanindusadev.viriatoeviriato.com\/es\/wp-json\/wp\/v2\/product"}],"about":[{"href":"https:\/\/sanindusadev.viriatoeviriato.com\/es\/wp-json\/wp\/v2\/types\/product"}],"replies":[{"embeddable":true,"href":"https:\/\/sanindusadev.viriatoeviriato.com\/es\/wp-json\/wp\/v2\/comments?post=105617"}],"wp:featuredmedia":[{"embeddable":true,"href":"https:\/\/sanindusadev.viriatoeviriato.com\/es\/wp-json\/wp\/v2\/media\/58268"}],"wp:attachment":[{"href":"https:\/\/sanindusadev.viriatoeviriato.com\/es\/wp-json\/wp\/v2\/media?parent=105617"}],"wp:term":[{"taxonomy":"product_cat","embeddable":true,"href":"https:\/\/sanindusadev.viriatoeviriato.com\/es\/wp-json\/wp\/v2\/product_cat?post=105617"},{"taxonomy":"product_tag","embeddable":true,"href":"https:\/\/sanindusadev.viriatoeviriato.com\/es\/wp-json\/wp\/v2\/product_tag?post=105617"},{"taxonomy":"tags_produtos","embeddable":true,"href":"https:\/\/sanindusadev.viriatoeviriato.com\/es\/wp-json\/wp\/v2\/tags_produtos?post=105617"},{"taxonomy":"colecao","embeddable":true,"href":"https:\/\/sanindusadev.viriatoeviriato.com\/es\/wp-json\/wp\/v2\/colecao?post=105617"}],"curies":[{"name":"wp","href":"https:\/\/api.w.org\/{rel}","templated":true}]}}