{"id":105616,"date":"2022-11-11T11:59:16","date_gmt":"2022-11-11T11:59:16","guid":{"rendered":"https:\/\/sanindusadev.viriatoeviriato.com\/produto\/kit-sensor-para-placa-de-accionamiento-electonica-unit-con-conexion-a-red-para-urinario\/"},"modified":"2022-12-12T22:45:13","modified_gmt":"2022-12-12T22:45:13","slug":"kit-sensor-para-placa-de-accionamiento-electonica-unit-con-conexion-a-red-para-urinario","status":"publish","type":"product","link":"https:\/\/sanindusadev.viriatoeviriato.com\/es\/produto\/kit-sensor-para-placa-de-accionamiento-electonica-unit-con-conexion-a-red-para-urinario\/","title":{"rendered":"Kit sensor para placa de accionamiento elect\u00f3nica Unit con conexi\u00f3n a red para urinario"},"content":{"rendered":"<p>Este kit sensor no es compatible con placas de accionamiento electr\u00f3nicas anteriores a 2018.<\/p>\n","protected":false},"excerpt":{"rendered":"<p>Este kit sensor no es compatible con placas de accionamiento electr\u00f3nicas anteriores a 2018.<\/p>\n","protected":false},"featured_media":0,"comment_status":"closed","ping_status":"open","template":"","meta":[],"product_cat":[33737],"product_tag":[],"tags_produtos":[],"colecao":[],"class_list":["post-105616","product","type-product","status-publish","hentry","product_cat-recambios","pa_colecao-componentes-es","pa_tipologia-de-peca-kit-sensor-para-placa-de-descarga-eletronica-es"],"acf":[],"_links":{"self":[{"href":"https:\/\/sanindusadev.viriatoeviriato.com\/es\/wp-json\/wp\/v2\/product\/105616","targetHints":{"allow":["GET"]}}],"collection":[{"href":"https:\/\/sanindusadev.viriatoeviriato.com\/es\/wp-json\/wp\/v2\/product"}],"about":[{"href":"https:\/\/sanindusadev.viriatoeviriato.com\/es\/wp-json\/wp\/v2\/types\/product"}],"replies":[{"embeddable":true,"href":"https:\/\/sanindusadev.viriatoeviriato.com\/es\/wp-json\/wp\/v2\/comments?post=105616"}],"wp:attachment":[{"href":"https:\/\/sanindusadev.viriatoeviriato.com\/es\/wp-json\/wp\/v2\/media?parent=105616"}],"wp:term":[{"taxonomy":"product_cat","embeddable":true,"href":"https:\/\/sanindusadev.viriatoeviriato.com\/es\/wp-json\/wp\/v2\/product_cat?post=105616"},{"taxonomy":"product_tag","embeddable":true,"href":"https:\/\/sanindusadev.viriatoeviriato.com\/es\/wp-json\/wp\/v2\/product_tag?post=105616"},{"taxonomy":"tags_produtos","embeddable":true,"href":"https:\/\/sanindusadev.viriatoeviriato.com\/es\/wp-json\/wp\/v2\/tags_produtos?post=105616"},{"taxonomy":"colecao","embeddable":true,"href":"https:\/\/sanindusadev.viriatoeviriato.com\/es\/wp-json\/wp\/v2\/colecao?post=105616"}],"curies":[{"name":"wp","href":"https:\/\/api.w.org\/{rel}","templated":true}]}}