{"id":105542,"date":"2022-11-11T11:57:57","date_gmt":"2022-11-11T11:57:57","guid":{"rendered":"https:\/\/sanindusadev.viriatoeviriato.com\/produto\/adaptador-o110-para-codo-de-desague-o90\/"},"modified":"2022-12-12T22:44:23","modified_gmt":"2022-12-12T22:44:23","slug":"adaptador-o110-para-codo-de-desague-o90","status":"publish","type":"product","link":"https:\/\/sanindusadev.viriatoeviriato.com\/es\/produto\/adaptador-o110-para-codo-de-desague-o90\/","title":{"rendered":"Adaptador \u00d8110 para codo de desag\u00fce \u00d890"},"content":{"rendered":"","protected":false},"excerpt":{"rendered":"","protected":false},"featured_media":57938,"comment_status":"closed","ping_status":"open","template":"","meta":[],"product_cat":[33737],"product_tag":[],"tags_produtos":[],"colecao":[],"class_list":["post-105542","product","type-product","status-publish","has-post-thumbnail","hentry","product_cat-recambios","pa_colecao-componentes-es","pa_dimensoes-o110","pa_tipologia-de-peca-adaptador-110-para-curva-de-descarga-es"],"acf":[],"_links":{"self":[{"href":"https:\/\/sanindusadev.viriatoeviriato.com\/es\/wp-json\/wp\/v2\/product\/105542","targetHints":{"allow":["GET"]}}],"collection":[{"href":"https:\/\/sanindusadev.viriatoeviriato.com\/es\/wp-json\/wp\/v2\/product"}],"about":[{"href":"https:\/\/sanindusadev.viriatoeviriato.com\/es\/wp-json\/wp\/v2\/types\/product"}],"replies":[{"embeddable":true,"href":"https:\/\/sanindusadev.viriatoeviriato.com\/es\/wp-json\/wp\/v2\/comments?post=105542"}],"wp:featuredmedia":[{"embeddable":true,"href":"https:\/\/sanindusadev.viriatoeviriato.com\/es\/wp-json\/wp\/v2\/media\/57938"}],"wp:attachment":[{"href":"https:\/\/sanindusadev.viriatoeviriato.com\/es\/wp-json\/wp\/v2\/media?parent=105542"}],"wp:term":[{"taxonomy":"product_cat","embeddable":true,"href":"https:\/\/sanindusadev.viriatoeviriato.com\/es\/wp-json\/wp\/v2\/product_cat?post=105542"},{"taxonomy":"product_tag","embeddable":true,"href":"https:\/\/sanindusadev.viriatoeviriato.com\/es\/wp-json\/wp\/v2\/product_tag?post=105542"},{"taxonomy":"tags_produtos","embeddable":true,"href":"https:\/\/sanindusadev.viriatoeviriato.com\/es\/wp-json\/wp\/v2\/tags_produtos?post=105542"},{"taxonomy":"colecao","embeddable":true,"href":"https:\/\/sanindusadev.viriatoeviriato.com\/es\/wp-json\/wp\/v2\/colecao?post=105542"}],"curies":[{"name":"wp","href":"https:\/\/api.w.org\/{rel}","templated":true}]}}