{"id":105086,"date":"2022-11-11T11:48:38","date_gmt":"2022-11-11T11:48:38","guid":{"rendered":"https:\/\/sanindusadev.viriatoeviriato.com\/produto\/valvula-de-desague-70cm-para-banera\/"},"modified":"2022-12-12T22:39:49","modified_gmt":"2022-12-12T22:39:49","slug":"valvula-de-desague-70cm-para-banera","status":"publish","type":"product","link":"https:\/\/sanindusadev.viriatoeviriato.com\/es\/produto\/valvula-de-desague-70cm-para-banera\/","title":{"rendered":"V\u00e1lvula de desag\u00fce 70cm para ba\u00f1era"},"content":{"rendered":"","protected":false},"excerpt":{"rendered":"","protected":false},"featured_media":55501,"comment_status":"closed","ping_status":"open","template":"","meta":[],"product_cat":[33701,33597,33732],"product_tag":[],"tags_produtos":[],"colecao":[],"class_list":["post-105086","product","type-product","status-publish","has-post-thumbnail","hentry","product_cat-baneras","product_cat-bano","product_cat-complementos-baneras-bano","pa_colecao-complementos-es","pa_cor-blanco","pa_cor-cromo","pa_tipologia-de-peca-valvula-automatica-para-banheira"],"acf":[],"_links":{"self":[{"href":"https:\/\/sanindusadev.viriatoeviriato.com\/es\/wp-json\/wp\/v2\/product\/105086","targetHints":{"allow":["GET"]}}],"collection":[{"href":"https:\/\/sanindusadev.viriatoeviriato.com\/es\/wp-json\/wp\/v2\/product"}],"about":[{"href":"https:\/\/sanindusadev.viriatoeviriato.com\/es\/wp-json\/wp\/v2\/types\/product"}],"replies":[{"embeddable":true,"href":"https:\/\/sanindusadev.viriatoeviriato.com\/es\/wp-json\/wp\/v2\/comments?post=105086"}],"wp:featuredmedia":[{"embeddable":true,"href":"https:\/\/sanindusadev.viriatoeviriato.com\/es\/wp-json\/wp\/v2\/media\/55501"}],"wp:attachment":[{"href":"https:\/\/sanindusadev.viriatoeviriato.com\/es\/wp-json\/wp\/v2\/media?parent=105086"}],"wp:term":[{"taxonomy":"product_cat","embeddable":true,"href":"https:\/\/sanindusadev.viriatoeviriato.com\/es\/wp-json\/wp\/v2\/product_cat?post=105086"},{"taxonomy":"product_tag","embeddable":true,"href":"https:\/\/sanindusadev.viriatoeviriato.com\/es\/wp-json\/wp\/v2\/product_tag?post=105086"},{"taxonomy":"tags_produtos","embeddable":true,"href":"https:\/\/sanindusadev.viriatoeviriato.com\/es\/wp-json\/wp\/v2\/tags_produtos?post=105086"},{"taxonomy":"colecao","embeddable":true,"href":"https:\/\/sanindusadev.viriatoeviriato.com\/es\/wp-json\/wp\/v2\/colecao?post=105086"}],"curies":[{"name":"wp","href":"https:\/\/api.w.org\/{rel}","templated":true}]}}