{"id":105035,"date":"2022-11-11T11:47:45","date_gmt":"2022-11-11T11:47:45","guid":{"rendered":"https:\/\/sanindusadev.viriatoeviriato.com\/produto\/valvula-tic-tac-con-tapon-circular-pequeno-en-abs\/"},"modified":"2022-12-12T22:39:10","modified_gmt":"2022-12-12T22:39:10","slug":"valvula-tic-tac-con-tapon-circular-pequeno-en-abs","status":"publish","type":"product","link":"https:\/\/sanindusadev.viriatoeviriato.com\/es\/produto\/valvula-tic-tac-con-tapon-circular-pequeno-en-abs\/","title":{"rendered":"V\u00e1lvula Tic-tac con t\u00e1pon circular peque\u00f1o en ABS"},"content":{"rendered":"","protected":false},"excerpt":{"rendered":"","protected":false},"featured_media":55283,"comment_status":"closed","ping_status":"open","template":"","meta":[],"product_cat":[33597,33612,33723,33734,33598],"product_tag":[],"tags_produtos":[],"colecao":[],"class_list":["post-105035","product","type-product","status-publish","has-post-thumbnail","hentry","product_cat-bano","product_cat-bides-bano","product_cat-complementos-lavabos-bano","product_cat-complementos-bides-bano","product_cat-lavabos-bano","pa_colecao-complementos-es","pa_cor-cromo","pa_dimensoes-o63","pa_material-abs-es","pa_tipologia-de-peca-valvula-para-lavatorio-ou-bide"],"acf":[],"_links":{"self":[{"href":"https:\/\/sanindusadev.viriatoeviriato.com\/es\/wp-json\/wp\/v2\/product\/105035","targetHints":{"allow":["GET"]}}],"collection":[{"href":"https:\/\/sanindusadev.viriatoeviriato.com\/es\/wp-json\/wp\/v2\/product"}],"about":[{"href":"https:\/\/sanindusadev.viriatoeviriato.com\/es\/wp-json\/wp\/v2\/types\/product"}],"replies":[{"embeddable":true,"href":"https:\/\/sanindusadev.viriatoeviriato.com\/es\/wp-json\/wp\/v2\/comments?post=105035"}],"wp:featuredmedia":[{"embeddable":true,"href":"https:\/\/sanindusadev.viriatoeviriato.com\/es\/wp-json\/wp\/v2\/media\/55283"}],"wp:attachment":[{"href":"https:\/\/sanindusadev.viriatoeviriato.com\/es\/wp-json\/wp\/v2\/media?parent=105035"}],"wp:term":[{"taxonomy":"product_cat","embeddable":true,"href":"https:\/\/sanindusadev.viriatoeviriato.com\/es\/wp-json\/wp\/v2\/product_cat?post=105035"},{"taxonomy":"product_tag","embeddable":true,"href":"https:\/\/sanindusadev.viriatoeviriato.com\/es\/wp-json\/wp\/v2\/product_tag?post=105035"},{"taxonomy":"tags_produtos","embeddable":true,"href":"https:\/\/sanindusadev.viriatoeviriato.com\/es\/wp-json\/wp\/v2\/tags_produtos?post=105035"},{"taxonomy":"colecao","embeddable":true,"href":"https:\/\/sanindusadev.viriatoeviriato.com\/es\/wp-json\/wp\/v2\/colecao?post=105035"}],"curies":[{"name":"wp","href":"https:\/\/api.w.org\/{rel}","templated":true}]}}